{"id":2443,"date":"2022-06-21T16:27:40","date_gmt":"2022-06-21T16:27:40","guid":{"rendered":"http:\/\/mariesamuel.com\/?page_id=2443"},"modified":"2024-03-10T02:52:33","modified_gmt":"2024-03-10T02:52:33","slug":"indigenous-zines-list","status":"publish","type":"page","link":"http:\/\/mariesamuel.com\/en\/indigenous-zines-list","title":{"rendered":"Indigenous Zines List"},"content":{"rendered":"\n<p style=\"font-size:0.9rem\">The practice of the zine among contemporary indigenous artists in North America positions the collective as inseparable from a practice that connects, heals and tells stories. Whether it is a question of creating together a collective zine based on the pooling of theories and reflections as is the case for Beading as Medicine, or of making an individual autobiographical story like that of Raven Cameron, the fact of making with your hands and the means at hand, instantly or even urgently, and distributing it yourself in your community is a radical gesture of sharing plural words. These multiple micro-narratives have the power to disseminate new forms of creation to update stories, knowledge and theory while preventing them from becoming rigid. Because knowledge passed from hand to hand and living knowledge.<br><br><strong>Here is a non-exhaustive and evolving list of indigenous artists and collectives practicing zines:<\/strong><\/p>\n\n\n\n<p style=\"font-size:0.9rem\">Zines available for consultation at Artexte (if you have the means, several are also available for purchase online):<\/p>\n\n\n\n<ul>\n<li style=\"font-size:15px\"><a href=\"http:\/\/e-artexte.ca\/id\/eprint\/22597\">Akwekon<\/a>&nbsp; <\/li>\n\n\n\n<li style=\"font-size:15px\"><a href=\"https:\/\/www.kimberlydawnrobertson.com\/shop\" data-type=\"URL\" data-id=\"https:\/\/www.kimberlydawnrobertson.com\/shop\">Beading as medicine, volume 1 et 2 <\/a><\/li>\n\n\n\n<li style=\"font-size:15px\"><a href=\"https:\/\/www.strongnations.com\/gs\/show.php?gs=3&amp;gsd=6725\">Cole Pauls<\/a><\/li>\n\n\n\n<li style=\"font-size:15px\"><a href=\"http:\/\/e-artexte.ca\/id\/eprint\/32785\">Red Rising <\/a>(Collective) <\/li>\n\n\n\n<li style=\"font-size:15px\"><em>Talking Stick<\/em>, p\u00e9riodique \u00e9dit\u00e9 par Regina Sask<\/li>\n\n\n\n<li style=\"font-size:15px\"><a href=\"https:\/\/grunt.ca\/together-apart\/\">Together apart Zine<\/a>, GRUNT Gallery <\/li>\n\n\n\n<li style=\"font-size:15px\"><a href=\"https:\/\/e-artexte.ca\/id\/eprint\/31257\/\">Unceded Voices \/ Les Voix insoumises<\/a><\/li>\n<\/ul>\n\n\n\n<p style=\"font-size:0.9rem\">Collectives and artists who are not in libraries but whose zines are, for the most part, available for purchase online:<\/p>\n\n\n\n<ul>\n<li style=\"font-size:15px\"><a href=\"https:\/\/www.atrocitiesagainstindigenouscanadians.com\/\">Assiniyiskew<\/a> (Jenna Rose) <\/li>\n\n\n\n<li style=\"font-size:15px\"><a href=\"https:\/\/issuu.com\/ipmp.claremont\/docs\/indigenous_experience_2020_zine\">IMPM<\/a> <\/li>\n\n\n\n<li style=\"font-size:15px\"><a href=\"https:\/\/www.indigenousaction.org\/wp-content\/uploads\/simple-file-list\/Film-the-Police-zine-know-your-rights-SMALL.pdf\">Indigenous Action<\/a> (Film the police !) <\/li>\n\n\n\n<li style=\"font-size:15px\"><a href=\"https:\/\/issuu.com\/indige-zine\/docs\/4decolonizelovewebpdf\">Indige-zine<\/a> <\/li>\n\n\n\n<li style=\"font-size:15px\"><a href=\"https:\/\/issuu.com\/intoexistencezine\/docs\/summer2020\">Intoexistencezine <\/a><\/li>\n\n\n\n<li style=\"font-size:15px\"><a href=\"https:\/\/www.kaylashaggy.gallery\/store\">Kayla Shaggy <\/a><\/li>\n\n\n\n<li style=\"font-size:15px\"><a href=\"https:\/\/www.drivethrurpg.com\/browse\/pub\/16508\/Mercedes-Cibby-Acosta?site=&amp;currency=CAD\">Mercedes Cibby Acosta <\/a><\/li>\n\n\n\n<li style=\"font-size:15px\">Michael Nicoll Yahgulanaas<\/li>\n\n\n\n<li style=\"font-size:15px\"><a href=\"https:\/\/queerindigenousgirl.wordpress.com\/\">Queer Indigenous Girl <\/a><\/li>\n\n\n\n<li style=\"font-size:15px\"><a href=\"https:\/\/issuu.com\/risedmonton\/docs\/risezine_issue2\">RISEdmonton (RISEZINE) <\/a><\/li>\n\n\n\n<li style=\"font-size:15px\">Raven Cameron<\/li>\n\n\n\n<li style=\"font-size:15px\"><a href=\"https:\/\/issuu.com\/mariahandrews\/docs\/sebastianaubin_dciczine_actual\">Sebastian Aubin <\/a><\/li>\n\n\n\n<li style=\"font-size:15px\"><a href=\"https:\/\/wwalterscott.com\/?page_id=821\" data-type=\"URL\" data-id=\"https:\/\/wwalterscott.com\/?page_id=821\">Walter Scott<\/a><\/li>\n\n\n\n<li style=\"font-size:15px\"><a href=\"https:\/\/warriorpublications.wordpress.com\/2014\/04\/16\/defend-the-territory-pdf\/#more-3921\">Warrior Publications <\/a><\/li>\n\n\n\n<li style=\"font-size:15px\"><a href=\"http:\/\/unistoten.camp\/wp-content\/uploads\/2019\/01\/UZINE_View.pdf\">Wet\u2019suwet\u2019en Nation <\/a><\/li>\n\n\n\n<li style=\"font-size:15px\">Whess Harman<\/li>\n\n\n\n<li style=\"font-size:15px\"><a href=\"https:\/\/static1.squarespace.com\/static\/5a67e4aef14aa1d41e58cba3\/t\/5ec860ec063db750f22ebcba\/1590190381353\/Volume1.pdf\">y\u0259haw\u0313 <\/a><\/li>\n<\/ul>\n\n\n\n<p><\/p>\n","protected":false},"excerpt":{"rendered":"<p>The practice of the zine among contemporary indigenous artists in North America positions the collective as inseparable from a practice that connects, heals and tells stories. Whether it is a question of creating together a collective zine based on the pooling of theories and reflections as is the case for Beading as Medicine, or of [&hellip;]<\/p>\n","protected":false},"author":1,"featured_media":0,"parent":0,"menu_order":11,"comment_status":"closed","ping_status":"closed","template":"","meta":{"footnotes":""},"_links":{"self":[{"href":"http:\/\/mariesamuel.com\/en\/wp-json\/wp\/v2\/pages\/2443"}],"collection":[{"href":"http:\/\/mariesamuel.com\/en\/wp-json\/wp\/v2\/pages"}],"about":[{"href":"http:\/\/mariesamuel.com\/en\/wp-json\/wp\/v2\/types\/page"}],"author":[{"embeddable":true,"href":"http:\/\/mariesamuel.com\/en\/wp-json\/wp\/v2\/users\/1"}],"replies":[{"embeddable":true,"href":"http:\/\/mariesamuel.com\/en\/wp-json\/wp\/v2\/comments?post=2443"}],"version-history":[{"count":1,"href":"http:\/\/mariesamuel.com\/en\/wp-json\/wp\/v2\/pages\/2443\/revisions"}],"predecessor-version":[{"id":2444,"href":"http:\/\/mariesamuel.com\/en\/wp-json\/wp\/v2\/pages\/2443\/revisions\/2444"}],"wp:attachment":[{"href":"http:\/\/mariesamuel.com\/en\/wp-json\/wp\/v2\/media?parent=2443"}],"curies":[{"name":"wp","href":"https:\/\/api.w.org\/{rel}","templated":true}]}}