{"id":2423,"date":"2019-06-02T22:54:14","date_gmt":"2019-06-02T22:54:14","guid":{"rendered":"http:\/\/mariesamuel.com\/?page_id=2423"},"modified":"2024-03-10T02:29:22","modified_gmt":"2024-03-10T02:29:22","slug":"film-video","status":"publish","type":"page","link":"http:\/\/mariesamuel.com\/en\/film-video","title":{"rendered":"Film &#038; Video"},"content":{"rendered":"\n<p style=\"font-size:0.8rem\">Je n&#8217;ai aucun savoir \u00e0 part mon exp\u00e9rience personnelle, 2020<\/p>\n\n\n\n<p style=\"font-size:0.8rem\">Pi\u00e8ce, 2017. <span style=\"color: #808080;\">Distribution by <span style=\"text-decoration: underline;\"><a href=\"http:\/\/givideo.org\/\" target=\"_blank\" rel=\"noopener\">GIV<\/a><\/span> Groupe Intervention Vid\u00e9o <\/span><\/p>\n\n\n\n<p style=\"font-size:0.8rem\">Noir sur blanc, 2016<\/p>\n\n\n\n<p style=\"font-size:0.8rem\">L&#8217;une l&#8217;autre, 2012<\/p>\n\n\n\n<p style=\"font-size:0.8rem\">Je suis venue te dire, 2010<\/p>\n\n\n\n<p style=\"font-size:0.8rem\">Fant\u00f4me, 2009<\/p>\n\n\n\n<p style=\"font-size:0.8rem\">Dehors est blanc, 2009<\/p>\n","protected":false},"excerpt":{"rendered":"<p>Je n&#8217;ai aucun savoir \u00e0 part mon exp\u00e9rience personnelle, 2020 Pi\u00e8ce, 2017. Distribution by GIV Groupe Intervention Vid\u00e9o Noir sur blanc, 2016 L&#8217;une l&#8217;autre, 2012 Je suis venue te dire, 2010 Fant\u00f4me, 2009 Dehors est blanc, 2009<\/p>\n","protected":false},"author":1,"featured_media":0,"parent":0,"menu_order":15,"comment_status":"closed","ping_status":"open","template":"","meta":{"footnotes":""},"_links":{"self":[{"href":"http:\/\/mariesamuel.com\/en\/wp-json\/wp\/v2\/pages\/2423"}],"collection":[{"href":"http:\/\/mariesamuel.com\/en\/wp-json\/wp\/v2\/pages"}],"about":[{"href":"http:\/\/mariesamuel.com\/en\/wp-json\/wp\/v2\/types\/page"}],"author":[{"embeddable":true,"href":"http:\/\/mariesamuel.com\/en\/wp-json\/wp\/v2\/users\/1"}],"replies":[{"embeddable":true,"href":"http:\/\/mariesamuel.com\/en\/wp-json\/wp\/v2\/comments?post=2423"}],"version-history":[{"count":1,"href":"http:\/\/mariesamuel.com\/en\/wp-json\/wp\/v2\/pages\/2423\/revisions"}],"predecessor-version":[{"id":2424,"href":"http:\/\/mariesamuel.com\/en\/wp-json\/wp\/v2\/pages\/2423\/revisions\/2424"}],"wp:attachment":[{"href":"http:\/\/mariesamuel.com\/en\/wp-json\/wp\/v2\/media?parent=2423"}],"curies":[{"name":"wp","href":"https:\/\/api.w.org\/{rel}","templated":true}]}}