{"id":2332,"date":"2022-01-28T19:36:17","date_gmt":"2022-01-28T19:36:17","guid":{"rendered":"http:\/\/mariesamuel.com\/?page_id=2332"},"modified":"2024-03-10T00:29:04","modified_gmt":"2024-03-10T00:29:04","slug":"praxis","status":"publish","type":"page","link":"http:\/\/mariesamuel.com\/en\/praxis","title":{"rendered":"Praxis"},"content":{"rendered":"\n<p style=\"font-size:15px\">As a researcher-practitioner, I adhere to a vision of returning to the things themselves and of research using multiplicity as a tool, not for the purpose of precision of thought, since my practice embraces incoherence and always leads me towards an infinite density and plurality of subject facets, but rather as a means of touching on what appears to be essential in relationships to oneself and to others. For me, this essential is unilaterally unnameable.<\/p>\n\n\n\n<p style=\"font-size:15px\">Rejecting the idea of knowledge that is precise and unambiguous, I aspire to practice creative research as a moral, aesthetic, metaphorical and transgressive scientific method, with multiple paths and voices. Whether I&#8217;m tinkering with things or working on collective creations, my experience of what might be termed &#8220;the essential&#8221; finds meaning and form when narratives multiply, gradually circumscribing its contours.<\/p>\n\n\n\n<h2 class=\"wp-block-heading has-tiny-font-size\" id=\"comme-chercheuse-praticienne-j-adhere-a-une-vision-du-retour-vers-les-choses-elles-memes-et-de-la-recherche-par-la-multiplicite-comme-outil-non-pas-dans-un-but-de-precision-de-la-pensee-puisque-ma-pratique-embrasse-les-incoherences-et-m-amene-toujours-vers-une-densite-et-une-pluralite-infinie-de-facettes-des-sujets-mais-plutot-comme-moyen-de-toucher-a-ce-qui-apparait-comme-essentiel-dans-les-rapports-a-soi-et-aux-autres-cet-essentiel-est-selon-moi-unilateralement-innommable-rejetant-l-idee-d-un-savoir-qui-serait-precis-et-sans-ambiguite-j-aspire-a-pratiquer-la-recherche-creation-comme-une-methode-scientifique-morale-esthetique-metaphorique-transgressive-aux-voies-et-aux-voix-multiples-au-moment-de-bricoler-les-choses-ou-lors-de-creations-collectives-mon-experience-de-ce-qu-on-pourrait-nommer-l-essentiel-trouve-du-sens-et-des-formes-lorsque-les-recits-se-multiplient-en-circonscrivant-peu-a-peu-les-contours-de-celui-ci\" style=\"line-height:1.1\">Praxis and <a href=\"http:\/\/mariesamuel.com\/en\/friendship\" data-type=\"page\" data-id=\"2327\">friendship<\/a><\/h2>\n\n\n\n<p style=\"font-size:0.9rem\">A researcher is expected to be clear, concise, precise, eloquent, confident and productive. Every day, I suffer the failure of saying and taking things head-on, and yet I manage to develop an artistic practice that is ever more gratifying and stimulating. Being the mother of a child excluded from the dictates of performance, and at the same time finding myself excluded from the dominant circuits of the arts economy, has not led me to a less creatively and intellectually enriching life. This shared happiness, on the margins with my daughter, gives me the courage to pursue a practice that welcomes failure, ambiguity, fragmentation and ambivalence.<\/p>\n\n\n\n<figure class=\"wp-block-image size-large\"><a href=\"http:\/\/mariesamuel.com\/wp-content\/uploads\/2022\/01\/table-renversee.jpg\"><img loading=\"lazy\" decoding=\"async\" width=\"1024\" height=\"937\" src=\"http:\/\/mariesamuel.com\/wp-content\/uploads\/2022\/01\/table-renversee-1024x937.jpg\" alt=\"\" class=\"wp-image-912\" srcset=\"http:\/\/mariesamuel.com\/wp-content\/uploads\/2022\/01\/table-renversee-1024x937.jpg 1024w, http:\/\/mariesamuel.com\/wp-content\/uploads\/2022\/01\/table-renversee-300x274.jpg 300w, http:\/\/mariesamuel.com\/wp-content\/uploads\/2022\/01\/table-renversee-768x703.jpg 768w, http:\/\/mariesamuel.com\/wp-content\/uploads\/2022\/01\/table-renversee-1536x1405.jpg 1536w, http:\/\/mariesamuel.com\/wp-content\/uploads\/2022\/01\/table-renversee-2048x1874.jpg 2048w, http:\/\/mariesamuel.com\/wp-content\/uploads\/2022\/01\/table-renversee-1568x1434.jpg 1568w\" sizes=\"(max-width: 1024px) 100vw, 1024px\" \/><\/a><figcaption class=\"wp-element-caption\">Colloque <em>Arts, soci\u00e9t\u00e9s et partage des savoirs.<\/em> Groupe de travail <strong>La Table renvers\u00e9e<\/strong>. Avec <a rel=\"noreferrer noopener\" href=\"https:\/\/collections.mnbaq.org\/fr\/artiste\/600005332\" data-type=\"URL\" data-id=\"https:\/\/collections.mnbaq.org\/fr\/artiste\/600005332\" target=\"_blank\">David Blatherwick<\/a>, <a rel=\"noreferrer noopener\" href=\"https:\/\/mario-cote.ca\/\" data-type=\"URL\" data-id=\"https:\/\/mario-cote.ca\/\" target=\"_blank\">Mario C\u00f4t\u00e9<\/a>, F\u00e9lix Denis, <a rel=\"noreferrer noopener\" href=\"http:\/\/romeogongora.com\/fr\/\" data-type=\"URL\" data-id=\"http:\/\/romeogongora.com\/fr\/\" target=\"_blank\">Romeo Gongora<\/a>, Nathalie Lafortune, <a rel=\"noreferrer noopener\" href=\"https:\/\/claudemajeau.wordpress.com\/\" data-type=\"URL\" data-id=\"https:\/\/claudemajeau.wordpress.com\/\" target=\"_blank\">Claude Majeau<\/a>, <a rel=\"noreferrer noopener\" href=\"https:\/\/christinemajor.art\/accueil\/\" data-type=\"URL\" data-id=\"https:\/\/christinemajor.art\/accueil\/\" target=\"_blank\">Christine Major<\/a>, Catherine Robitaille, <a rel=\"noreferrer noopener\" href=\"http:\/\/www.clairesavoie.com\/cv.html\" data-type=\"URL\" data-id=\"http:\/\/www.clairesavoie.com\/cv.html\" target=\"_blank\">Claire Savoie<\/a>, Anne Thibault et <a rel=\"noreferrer noopener\" href=\"http:\/\/susanturcot.com\/\" data-type=\"URL\" data-id=\"http:\/\/susanturcot.com\/\" target=\"_blank\">Susan Turcot<\/a> (50e anniversaire du Rapport Rioux) Mai 2019<\/figcaption><\/figure>\n\n\n\n<div style=\"height:15px\" aria-hidden=\"true\" class=\"wp-block-spacer\"><\/div>\n\n\n\n<figure class=\"wp-block-image size-large\"><a href=\"http:\/\/mariesamuel.com\/wp-content\/uploads\/2022\/01\/Forum-scaled.jpg\"><img loading=\"lazy\" decoding=\"async\" width=\"1024\" height=\"454\" src=\"http:\/\/mariesamuel.com\/wp-content\/uploads\/2022\/01\/Forum-1024x454.jpg\" alt=\"\" class=\"wp-image-929\" srcset=\"http:\/\/mariesamuel.com\/wp-content\/uploads\/2022\/01\/Forum-1024x454.jpg 1024w, http:\/\/mariesamuel.com\/wp-content\/uploads\/2022\/01\/Forum-300x133.jpg 300w, http:\/\/mariesamuel.com\/wp-content\/uploads\/2022\/01\/Forum-768x340.jpg 768w, http:\/\/mariesamuel.com\/wp-content\/uploads\/2022\/01\/Forum-1536x680.jpg 1536w, http:\/\/mariesamuel.com\/wp-content\/uploads\/2022\/01\/Forum-2048x907.jpg 2048w, http:\/\/mariesamuel.com\/wp-content\/uploads\/2022\/01\/Forum-1568x695.jpg 1568w\" sizes=\"(max-width: 1024px) 100vw, 1024px\" \/><\/a><figcaption class=\"wp-element-caption\"><strong><a rel=\"noreferrer noopener\" href=\"https:\/\/forum-2019.wixsite.com\/experience\" data-type=\"URL\" data-id=\"https:\/\/forum-2019.wixsite.com\/experience\" target=\"_blank\">Forum <em>L&#8217;exp\u00e9rience<\/em><\/a>,<\/strong> par la <a rel=\"noreferrer noopener\" href=\"https:\/\/arts.uqam.ca\/\" data-type=\"URL\" data-id=\"https:\/\/arts.uqam.ca\/\" target=\"_blank\">Facult\u00e9 des arts de UQAM<\/a> et pr\u00e9sent\u00e9 au <a rel=\"noreferrer noopener\" href=\"https:\/\/macm.org\/\" data-type=\"URL\" data-id=\"https:\/\/macm.org\/\" target=\"_blank\">Mus\u00e9e d&#8217;art contemporain de Montr\u00e9al<\/a>. Avril 2019 . Table de discussion anim\u00e9e par Marie-\u00c8ve Beaupr\u00e9, Conservatrice de la Collection du MAC<\/figcaption><\/figure>\n\n\n\n<figure class=\"wp-block-image size-large is-resized\"><a href=\"https:\/\/www.facebook.com\/Etrefemmeauxcyclessuperieurs\/photos\/?ref=page_internal\"><img loading=\"lazy\" decoding=\"async\" width=\"1024\" height=\"683\" src=\"http:\/\/mariesamuel.com\/wp-content\/uploads\/2022\/01\/collectif-1024x683.jpg\" alt=\"\" class=\"wp-image-917\" style=\"width:610px;height:406px\" srcset=\"http:\/\/mariesamuel.com\/wp-content\/uploads\/2022\/01\/collectif-1024x683.jpg 1024w, http:\/\/mariesamuel.com\/wp-content\/uploads\/2022\/01\/collectif-300x200.jpg 300w, http:\/\/mariesamuel.com\/wp-content\/uploads\/2022\/01\/collectif-768x512.jpg 768w, http:\/\/mariesamuel.com\/wp-content\/uploads\/2022\/01\/collectif-1536x1024.jpg 1536w, http:\/\/mariesamuel.com\/wp-content\/uploads\/2022\/01\/collectif-1568x1045.jpg 1568w, http:\/\/mariesamuel.com\/wp-content\/uploads\/2022\/01\/collectif.jpg 2048w\" sizes=\"(max-width: 1024px) 100vw, 1024px\" \/><\/a><figcaption class=\"wp-element-caption\">Membre du <strong>Collectif Femmes aux cycles sup\u00e9rieurs<\/strong>, 2019<\/figcaption><\/figure>\n\n\n\n<figure class=\"wp-block-image aligncenter size-large\"><img loading=\"lazy\" decoding=\"async\" width=\"1024\" height=\"683\" src=\"http:\/\/mariesamuel.com\/wp-content\/uploads\/2022\/01\/collectif-1-1024x683.jpg\" alt=\"\" class=\"wp-image-919\" srcset=\"http:\/\/mariesamuel.com\/wp-content\/uploads\/2022\/01\/collectif-1-1024x683.jpg 1024w, http:\/\/mariesamuel.com\/wp-content\/uploads\/2022\/01\/collectif-1-300x200.jpg 300w, http:\/\/mariesamuel.com\/wp-content\/uploads\/2022\/01\/collectif-1-768x512.jpg 768w, http:\/\/mariesamuel.com\/wp-content\/uploads\/2022\/01\/collectif-1-1536x1024.jpg 1536w, http:\/\/mariesamuel.com\/wp-content\/uploads\/2022\/01\/collectif-1-1568x1045.jpg 1568w, http:\/\/mariesamuel.com\/wp-content\/uploads\/2022\/01\/collectif-1.jpg 1800w\" sizes=\"(max-width: 1024px) 100vw, 1024px\" \/><figcaption class=\"wp-element-caption\">Pr\u00e9sentations Recherche-cr\u00e9ation, <strong>Collectif Femmes aux cycles sup\u00e9rieurs<\/strong>, 2019<\/figcaption><\/figure>\n\n\n\n<figure class=\"wp-block-image size-large\"><a href=\"http:\/\/mariesamuel.com\/wp-content\/uploads\/2022\/01\/32491971_10214575367071237_6777536239370240000_o.jpg\"><img loading=\"lazy\" decoding=\"async\" width=\"1024\" height=\"683\" src=\"http:\/\/mariesamuel.com\/wp-content\/uploads\/2022\/01\/32491971_10214575367071237_6777536239370240000_o-1024x683.jpg\" alt=\"\" class=\"wp-image-918\" srcset=\"http:\/\/mariesamuel.com\/wp-content\/uploads\/2022\/01\/32491971_10214575367071237_6777536239370240000_o-1024x683.jpg 1024w, http:\/\/mariesamuel.com\/wp-content\/uploads\/2022\/01\/32491971_10214575367071237_6777536239370240000_o-300x200.jpg 300w, http:\/\/mariesamuel.com\/wp-content\/uploads\/2022\/01\/32491971_10214575367071237_6777536239370240000_o-768x512.jpg 768w, http:\/\/mariesamuel.com\/wp-content\/uploads\/2022\/01\/32491971_10214575367071237_6777536239370240000_o-1536x1024.jpg 1536w, http:\/\/mariesamuel.com\/wp-content\/uploads\/2022\/01\/32491971_10214575367071237_6777536239370240000_o-1568x1045.jpg 1568w, http:\/\/mariesamuel.com\/wp-content\/uploads\/2022\/01\/32491971_10214575367071237_6777536239370240000_o.jpg 2048w\" sizes=\"(max-width: 1024px) 100vw, 1024px\" \/><\/a><figcaption class=\"wp-element-caption\"><strong>S\u00e9minaire de cr\u00e9ation international \u00c9tat des lieux, Nous ne voit rien.<\/strong> <br>\u00c9cole des arts visuels et m\u00e9diatiques (UQAM) &#8211; \u00c9cole europ\u00e9enne sup\u00e9rieure de l\u2019image (\u00c9ESI-Poitiers\/Angoul\u00eame). Un s\u00e9minaire inspir\u00e9 des \u00e9crits de la philosophe Marie Jos\u00e9 Mondzain (\u00e0 droite sur la photo). 2018<\/figcaption><\/figure>\n","protected":false},"excerpt":{"rendered":"<p>As a researcher-practitioner, I adhere to a vision of returning to the things themselves and of research using multiplicity as a tool, not for the purpose of precision of thought, since my practice embraces incoherence and always leads me towards an infinite density and plurality of subject facets, but rather as a means of touching [&hellip;]<\/p>\n","protected":false},"author":1,"featured_media":0,"parent":0,"menu_order":29,"comment_status":"closed","ping_status":"closed","template":"","meta":{"footnotes":""},"_links":{"self":[{"href":"http:\/\/mariesamuel.com\/en\/wp-json\/wp\/v2\/pages\/2332"}],"collection":[{"href":"http:\/\/mariesamuel.com\/en\/wp-json\/wp\/v2\/pages"}],"about":[{"href":"http:\/\/mariesamuel.com\/en\/wp-json\/wp\/v2\/types\/page"}],"author":[{"embeddable":true,"href":"http:\/\/mariesamuel.com\/en\/wp-json\/wp\/v2\/users\/1"}],"replies":[{"embeddable":true,"href":"http:\/\/mariesamuel.com\/en\/wp-json\/wp\/v2\/comments?post=2332"}],"version-history":[{"count":1,"href":"http:\/\/mariesamuel.com\/en\/wp-json\/wp\/v2\/pages\/2332\/revisions"}],"predecessor-version":[{"id":2333,"href":"http:\/\/mariesamuel.com\/en\/wp-json\/wp\/v2\/pages\/2332\/revisions\/2333"}],"wp:attachment":[{"href":"http:\/\/mariesamuel.com\/en\/wp-json\/wp\/v2\/media?parent=2332"}],"curies":[{"name":"wp","href":"https:\/\/api.w.org\/{rel}","templated":true}]}}