{"id":2263,"date":"2014-01-11T02:19:03","date_gmt":"2014-01-11T02:19:03","guid":{"rendered":"http:\/\/mariesamuel.com\/cv"},"modified":"2024-06-08T00:01:26","modified_gmt":"2024-06-08T00:01:26","slug":"cv","status":"publish","type":"page","link":"http:\/\/mariesamuel.com\/en\/cv","title":{"rendered":"cv"},"content":{"rendered":"\n<p style=\"font-size:0.8rem\">M.A. Visual and New Media Arts, UQAM 2021<strong><br><\/strong>Seminars : UdeM (experimental cinema) &amp; EESI \u00c9cole Europ\u00e9enne sup\u00e9rieure de l\u2019image de Poitiers Angoul\u00eame, France (2018-2019)<strong><br><\/strong><br>Gratuate Diploma Post-Secondary Education and Training. (UQAM) 2021<br>Microprogram Indigenous Studies (UQAM) 2024<br><\/p>\n\n\n\n<hr class=\"wp-block-separator has-css-opacity\"\/>\n\n\n\n<p style=\"font-size:0.8rem\">Film distributor : <a href=\"https:\/\/givideo.org\/\" data-type=\"URL\" data-id=\"https:\/\/givideo.org\/\">GIV \u2013 Groupe Intervention Video<\/a><br><br>Exhibitions (selection)<br>2025 Artexte, Montr\u00e9al<br>2025 Vaste et vague, Carleton, Canada<br>2024 La table des plats perdus (collectif), Monument-National, Montr\u00e9al<br>2023 Exposer avec l\u2019auto\u00e9dition \/ To Expose the Self \u2013 Arprim, Montr\u00e9al2023 Maison de la culture Maisonneuve, Montr\u00e9al <br>2022 To Expose the Self &#8211; <a href=\"http:\/\/www.admare.org\/\">AdMare<\/a>, Iles-de-la-Madeleine <br>2022 Les bavardes, Galerie d\u2019art d\u2019Outremont, Montr\u00e9al (Maison de la culture)<br>2022 Zine Creation Table &#8211; <a href=\"https:\/\/ent-nts.ca\/fr\/spectacles-utessit-nuit-rouge-2020\" data-type=\"URL\" data-id=\"https:\/\/ent-nts.ca\/fr\/spectacles-utessit-nuit-rouge-2020\">Nuit rouge<\/a> &#8211; Monument National<br>2019 <em>Pi\u00e8ce<\/em>, <a href=\"https:\/\/rendez-vous.quebeccinema.ca\/\" data-type=\"URL\" data-id=\"https:\/\/rendez-vous.quebeccinema.ca\/\">Rendez-vous du cin\u00e9ma qu\u00e9b\u00e9cois<\/a>, cat\u00e9gorie Art et exp\u00e9rimentation<br>2019 <em>Je n&#8217;ai aucun savoir \u00e0 part mon exp\u00e9rience personnelle<\/em>, journ\u00e9e d&#8217;\u00e9tude Po\u00e9tiques de l&#8217;archive cin\u00e9matographique, UdeM, Montr\u00e9al<br>2019 RIMA, <a href=\"https:\/\/lecart.org\/fr\/\" data-type=\"URL\" data-id=\"https:\/\/lecart.org\/fr\/\">L\u2019\u00c9cart<\/a>, lieu d\u2019art actuel, Rouyn-Noranda<br>2019 Zine Creation Station, Nuit Blanche, CDEX, Montr\u00e9al<br>2018 <em>Pi\u00e8ce<\/em>, Lanterne du 4001 Berri, Collabo <a href=\"https:\/\/givideo.org\/\" data-type=\"URL\" data-id=\"https:\/\/givideo.org\/\">GIV<\/a>, <a href=\"https:\/\/www.oboro.net\/\" data-type=\"URL\" data-id=\"https:\/\/www.oboro.net\/\">Oboro<\/a>, <a href=\"https:\/\/www.ada-x.org\/\" data-type=\"URL\" data-id=\"https:\/\/www.ada-x.org\/\">Ada x<\/a>, CQAM, Montr\u00e9al<br>2018 Sound project <em>Relecture<\/em>, Radio pirate XX Files, <a href=\"https:\/\/www.ada-x.org\/\" data-type=\"URL\" data-id=\"https:\/\/www.ada-x.org\/\">Ada x<\/a>, Montr\u00e9al<br>2018 <em>Chambre des morts et des nouveau-n\u00e9s<\/em>, <a href=\"https:\/\/www.facebook.com\/FestivalLeMaquis\" data-type=\"URL\" data-id=\"https:\/\/www.facebook.com\/FestivalLeMaquis\">Festival Le Maquis<\/a>, Ancienne \u00c9cole des Beaux-Arts, Montr\u00e9al<br>2017 <em>Pi\u00e8ce<\/em>, Vid\u00e9o de femmes dans le parc, GIV Groupe Intervention Video, Montr\u00e9al et <a href=\"https:\/\/daimon.qc.ca\/fr\/\" data-type=\"URL\" data-id=\"https:\/\/daimon.qc.ca\/fr\/\">Centre Da\u00efmon, Gatineau<\/a><br>2016 D\u00e9rapage, Printemps num\u00e9riques de Montr\u00e9al, <a href=\"https:\/\/www.cinematheque.qc.ca\/fr\/\" data-type=\"URL\" data-id=\"https:\/\/www.cinematheque.qc.ca\/fr\/\">Cin\u00e9math\u00e8que qu\u00e9b\u00e9coise<\/a><br>2016 Black &amp; White, Artmandat, (avec John Heward, John Francis &amp; Christiane Ainsley) Barjols, France<br>2014 D\u00e9prise et repris\u00e9e, AUX VUES, Montr\u00e9al<br>2012 Fissiles, Espace <a href=\"http:\/\/cerclecarre.coop\/coopcerclecarre\/\" data-type=\"URL\" data-id=\"http:\/\/cerclecarre.coop\/coopcerclecarre\/\">Cercle Carr\u00e9<\/a>, Montr\u00e9al<br>2012 Une exposition enchant\u00e9e, <a href=\"https:\/\/ecomusee.qc.ca\/\" data-type=\"URL\" data-id=\"https:\/\/ecomusee.qc.ca\/\">\u00c9comus\u00e9e du Fier monde<\/a>, Montr\u00e9al<br>2012 Trait noir Espace blanc, <a href=\"http:\/\/www.espaceprojet.net\/\" data-type=\"URL\" data-id=\"http:\/\/www.espaceprojet.net\/\">Espace Projet<\/a>, Montr\u00e9al<br>2012 Jaune, <a href=\"http:\/\/www.artdiagonale.org\/\" data-type=\"URL\" data-id=\"http:\/\/www.artdiagonale.org\/\">Diagonale<\/a> centre d\u2019artiste, Montr\u00e9al<\/p>\n\n\n\n<p style=\"font-size:0.8rem\">Grants &amp; Awards<br>2023 Canada&#8217;s Arts Council Grant<br>2019 Researcher Excellence Grant Rollande-Guertin-Bussi\u00e8re in Arts<br>2019 CSPE-UQAM Grant<br>2018 Travel Grant Offices jeunesse internationaux du Qu\u00e9bec (EESI, France)<br>2016 Travel Grant Offices jeunesse internationaux du Qu\u00e9bec (France)<br><br>Publications<br>2023 \u00ab <a href=\"https:\/\/crilcq.org\/publications\/collections\/nouveaux-cahiers-de-recherche\/regards-sur-les-scenes-du-zine-et-de-l-edition-alternative\/\">Regards sur les sc\u00e8nes du zine et de l\u2019\u00e9dition alternative<\/a> \u00bb, edited and published by the CRILQ<br>2021 \u00ab <a href=\"https:\/\/archipel.uqam.ca\/15525\/\">Cacher pour r\u00e9v\u00e9ler : le bavardage comme entrave \u00e0 l&#8217;indicible dans une pratique de l&#8217;art dans la vie<\/a> \u00bb M\u00e9moire. Montr\u00e9al (Qu\u00e9bec, Canada), Universit\u00e9 du Qu\u00e9bec \u00e0 Montr\u00e9al, Ma\u00eetrise en arts visuels et m\u00e9diatiques.<br>2020 \u00ab <a href=\"https:\/\/horschamp.qc.ca\/article\/le-montage-darchive-comme-outil-de-rparation\">Le montage d\u2019archive comme outil de r\u00e9paration<\/a> \u00bb, <em>Hors Champ, Image(s) et parole(s)<\/em>. Janv-f\u00e9v. \/ mars-avril 2020<br>2018 \u00c9tat des lieux, ouvrage collectif \u00e9dit\u00e9 par <a href=\"https:\/\/www.eesi.eu\/site\/index.php\" data-type=\"URL\" data-id=\"https:\/\/www.eesi.eu\/site\/index.php\">L\u2019\u00c9cole Europ\u00e9enne sup\u00e9rieure de l\u2019image<\/a> de Poitiers Angoul\u00eame<\/p>\n\n\n\n<p style=\"font-size:0.8rem\">Art Residencies (with selection jury)<br>2025 Artexte, Canada<br>2025 Vaste et vague, Carlton, Canada<br>2023 Montreal Museum of Contemporary Arts &#8211; OBORO &#8211; Spectrum, Montreal, Canada<br>2023 Da\u00efmon, Gatineau, Canada<br>2022 AdMare, Havre-aux-maisons, Canada<br>2016 Artmandat, Barjols, France<\/p>\n\n\n\n<p style=\"font-size:0.8rem\">Presse<br>2022 <em><a href=\"https:\/\/viedesarts.com\/visites\/marie-samuel-levasseur-les-bavardes-de-failles-et-de-lumiere\/\">Les Bavardes : de failles et de lumi\u00e8re<\/a><\/em>, Vie des arts, Juillet 2022<br>2022 <em><a href=\"https:\/\/www.lafabriqueculturelle.tv\/capsules\/14055\/le-bavardage-de-marie-samuel-levasseur\">Le bavardage de Marie Samuel Levasseur<\/a><\/em>, La Fabrique culturelle, 2 juin 2022<br>2022 <a href=\"https:\/\/www.instagram.com\/p\/Cded0j1r0C7\/?utm_source=ig_web_copy_link\">Short article<\/a>, Revue <a rel=\"noreferrer noopener\" href=\"https:\/\/revueexsitu.com\/calendrierculturel\/\" target=\"_blank\"><\/a>Ex_Situ<br>2022 <a href=\"https:\/\/journaloutremont.com\/nouvelles\/actualites\/marie-samuel-levasseur-presente-les-bavardes\">News &#8211; online and printed.<\/a> Outremont Newspaper, 5 avril 2022<\/p>\n\n\n\n<p style=\"font-size:0.8rem\">Lectures &amp; Conferences<br>2024 Cr\u00e9er, chercher et soigner, Conference given by the Place Courage collective. Acfas Congress, program \u201cResearch, creation and collaboration as a triple lever for decolonization: practices, issues and celebrations\u201d.<br>2022 <em>Les contrepublics des Bavardes.<\/em> Conf\u00e9renci\u00e8re-invit\u00e9e dans le s\u00e9minaire Interdisciplinarit\u00e9 en art, UQAM<br>2022 <em>Le zine comme forme multiple de micro-r\u00e9cit et comme outil de r\u00e9paration dans une pratique collaborative du bavardage<\/em>. <a href=\"https:\/\/www.facebook.com\/CRILCQ?__cft__%5B0%5D=AZXR5mhcOrH85HGLrcNsgnzw-l4R_GadvCtN1joQcKiM71zvIABN5af3KVMJckTxMCSZBNO2sIVY-INKfZi8GCVM1aXZF3VrV19dFo-Kvg7qrxNm5vs-wfp7tcUGrPLLhEgisC2rYVImJBhHxkZWLXGdgmfIWHbHjk8BL9qCFKY9Uz-WabCh_HHTSW5jo50ryOk&amp;__tn__=-%5DK-R\" target=\"_blank\" rel=\"noreferrer noopener\">CRILCQ<\/a> International Forum \u00ab Regards sur les sc\u00e8nes du zine et de l&#8217;\u00e9dition alternative \u00bb October 6 et 7, UdeM<br>2022 <em><a href=\"https:\/\/faimtl.ca\/activity\/creation-de-richesse-labour-of-love\/\">Cr\u00e9ation de richesse \/ Labor of Love<\/a><\/em>. Round table discussion about work and capitalism in printed art. Montreal&#8217;s Printmaking Festival.<br>2021 <em>Cr\u00e9er et th\u00e9oriser une vie travers\u00e9e par l\u2019art collaboratif<\/em>. Conference, <a href=\"https:\/\/www.art.ulaval.ca\/\" data-type=\"URL\" data-id=\"https:\/\/www.art.ulaval.ca\/\">Facult\u00e9 des arts de l\u2019Universit\u00e9 Laval<\/a><br>2021 <a href=\"http:\/\/mariesamuel.com\/creer-avec-la-theorie\" data-type=\"page\" data-id=\"791\"><em>Cr\u00e9er avec la th\u00e9orie<\/em>.<\/a> Cycle de conf\u00e9rence du Centre de recherche interuniversitaire sur la litt\u00e9rature et la culture qu\u00e9b\u00e9coises. Invited par Gabrielle Tremblay phd (CRILCQ-UQAM) et Benoit Jodoin phd (CRAL, EHESS-UQAM)<br>2019 <em>Trauma et maternit\u00e9 : le montage d&#8217;archives comme outil de r\u00e9paration<\/em>, an essay presented as part of the Poetics of the Cinematographic Archive Study Day at UdeM on Godard&#8217;s Histoire(s) du cin\u00e9ma.<br>2019 <a href=\"https:\/\/lecart.org\/fr\/programmation\/rencontre-interuniversitaire-des-maitrises-en-arts-du-quebec\/\" data-type=\"URL\" data-id=\"https:\/\/lecart.org\/fr\/programmation\/rencontre-interuniversitaire-des-maitrises-en-arts-du-quebec\/\">Rencontre interuniversitaire des ma\u00eetrises en arts visuels<\/a>, Rouyn-Noranda<br>2019 Contradiction, perm\u00e9abilit\u00e9 et r\u00e9sistance: l\u2019\u00e9cole d\u2019art aujourd\u2019hui. <a href=\"https:\/\/rapport-rioux.uqam.ca\/accueil-colloque\/\" data-type=\"URL\" data-id=\"https:\/\/rapport-rioux.uqam.ca\/accueil-colloque\/\">Colloque Arts, soci\u00e9t\u00e9s et partage des savoirs.<\/a> UQAM<br>2019 <a href=\"https:\/\/forum-2019.wixsite.com\/experience\" data-type=\"URL\" data-id=\"https:\/\/forum-2019.wixsite.com\/experience\">Forum L\u2019Exp\u00e9rience<\/a>, Mus\u00e9e d\u2019art contemporain de Montr\u00e9al, organis\u00e9 par l\u2019AEMAVM UQAM<\/p>\n\n\n\n<p style=\"font-size:0.8rem\">Engagement<br>2022- Curator, NTS Centre for Arts and Social Innovation<br>2021 Guest Artist, Art Education Course: Theory, Research. <a href=\"https:\/\/www.art.ulaval.ca\/\" data-type=\"URL\" data-id=\"https:\/\/www.art.ulaval.ca\/\">Universit\u00e9 Laval<\/a><br>2019- Teacher, Creation of artists\u2019 books &amp; zines, Cours du samedi, UQAM<br>2012- Member of the <a href=\"https:\/\/macm.org\/\" data-type=\"URL\" data-id=\"https:\/\/macm.org\/\">Montreal Museum of Contemporary Art<\/a> team<br>2019 Membre <a href=\"https:\/\/rapport-rioux.uqam.ca\/accueil-colloque\/\" data-type=\"URL\" data-id=\"https:\/\/rapport-rioux.uqam.ca\/accueil-colloque\/\">collectif de recherche de la Table renvers\u00e9e<\/a>, \u00c9cole des arts visuels et m\u00e9diatiques, UQAM<br>2018- Membre du C.A. <a href=\"https:\/\/www.google.com\/search?q=eastern+bloc&amp;rlz=1C1GCEU_frCA922CA924&amp;oq=eastern+bloc&amp;aqs=chrome.0.69i59j35i39j0i512l2j0i22i30l3j69i65.1531j0j4&amp;sourceid=chrome&amp;ie=UTF-8\" data-type=\"URL\" data-id=\"https:\/\/www.google.com\/search?q=eastern+bloc&amp;rlz=1C1GCEU_frCA922CA924&amp;oq=eastern+bloc&amp;aqs=chrome.0.69i59j35i39j0i512l2j0i22i30l3j69i65.1531j0j4&amp;sourceid=chrome&amp;ie=UTF-8\">Eastern Bloc<\/a> (pr\u00e9sidente depuis 2022)<br>2019 Program Commitee&#8217;s member, Ma\u00eetrise en arts visuels et m\u00e9diatiques de l\u2019UQAM<br>2019 Editorial Board, <a href=\"https:\/\/itemuqam.wixsite.com\/item\/\" data-type=\"URL\" data-id=\"https:\/\/itemuqam.wixsite.com\/item\/\">ITEM<\/a>, revue \u00e9lectronique<br>2019 Print Version Editing of : Remember\/Resist\/Redraw &#8211; <a href=\"https:\/\/www.facebook.com\/GraphicHistoryCollective\" data-type=\"URL\" data-id=\"https:\/\/www.facebook.com\/GraphicHistoryCollective\">Graphic History Collective <\/a><br>2018-2019 Co-curator of the student exhibition at MAVM UQAM as part of <a href=\"https:\/\/popmontreal.com\/about\/art-pop\" data-type=\"URL\" data-id=\"https:\/\/popmontreal.com\/about\/art-pop\">Art Pop<\/a>, 2018 edition and 2019 edition of the Festival Pop Montr\u00e9al<br>2019 Co-commissaire du volet Pratiques artistiques du <a href=\"https:\/\/www.facebook.com\/events\/544450886060031\/?event_time_id=544450889393364\" data-type=\"URL\" data-id=\"https:\/\/www.facebook.com\/events\/544450886060031\/?event_time_id=544450889393364\">Colloque Femmes &amp; enjeux f\u00e9ministes : partage de savoirs. <\/a>By <a href=\"https:\/\/www.facebook.com\/Etrefemmeauxcyclessuperieurs\/\" data-type=\"URL\" data-id=\"https:\/\/www.facebook.com\/Etrefemmeauxcyclessuperieurs\/\">Collectif Femmes aux cycles sup\u00e9rieurs<\/a><br>2012-2014 Board Executive Member Voies Culturelles des Faubourgs<\/p>\n\n\n\n<p style=\"font-size:0.8rem\">More<br>2020 Art included in the book <a href=\"https:\/\/www.lapresse.ca\/arts\/litterature\/2021-11-10\/nicholas-dawson-remporte-le-grand-prix-du-livre-de-montreal.php\" data-type=\"URL\" data-id=\"https:\/\/www.lapresse.ca\/arts\/litterature\/2021-11-10\/nicholas-dawson-remporte-le-grand-prix-du-livre-de-montreal.php\">D\u00e9sormais ma demeure<\/a> by Nicholas Dawson, \u00c9ditions Triptyque, Queer<br>2018 &lt;3, in the <a href=\"https:\/\/www.fanzino.org\/\" data-type=\"URL\" data-id=\"https:\/\/www.fanzino.org\/\">Fanzinoth\u00e8que<\/a>de Poitiers&#8217; Collection , France<br>2010 Art on the covers of the book <a href=\"https:\/\/lapeuplade.com\/archives\/livres\/la-deposition-des-chemins\" data-type=\"URL\" data-id=\"https:\/\/lapeuplade.com\/archives\/livres\/la-deposition-des-chemins\">La d\u00e9position des chemins<\/a> by Nicholas Dawson, \u00c9ditions La Peuplade<br><br><br><br><\/p>\n","protected":false},"excerpt":{"rendered":"<p>M.A. Visual and New Media Arts, UQAM 2021Seminars : UdeM (experimental cinema) &amp; EESI \u00c9cole Europ\u00e9enne sup\u00e9rieure de l\u2019image de Poitiers Angoul\u00eame, France (2018-2019)Gratuate Diploma Post-Secondary Education and Training. (UQAM) 2021Microprogram Indigenous Studies (UQAM) 2024 Film distributor : GIV \u2013 Groupe Intervention Video Exhibitions (selection)2025 Artexte, Montr\u00e9al2025 Vaste et vague, Carleton, Canada2024 La table des [&hellip;]<\/p>\n","protected":false},"author":1,"featured_media":0,"parent":0,"menu_order":95,"comment_status":"closed","ping_status":"open","template":"","meta":{"footnotes":""},"_links":{"self":[{"href":"http:\/\/mariesamuel.com\/en\/wp-json\/wp\/v2\/pages\/2263"}],"collection":[{"href":"http:\/\/mariesamuel.com\/en\/wp-json\/wp\/v2\/pages"}],"about":[{"href":"http:\/\/mariesamuel.com\/en\/wp-json\/wp\/v2\/types\/page"}],"author":[{"embeddable":true,"href":"http:\/\/mariesamuel.com\/en\/wp-json\/wp\/v2\/users\/1"}],"replies":[{"embeddable":true,"href":"http:\/\/mariesamuel.com\/en\/wp-json\/wp\/v2\/comments?post=2263"}],"version-history":[{"count":3,"href":"http:\/\/mariesamuel.com\/en\/wp-json\/wp\/v2\/pages\/2263\/revisions"}],"predecessor-version":[{"id":2599,"href":"http:\/\/mariesamuel.com\/en\/wp-json\/wp\/v2\/pages\/2263\/revisions\/2599"}],"wp:attachment":[{"href":"http:\/\/mariesamuel.com\/en\/wp-json\/wp\/v2\/media?parent=2263"}],"curies":[{"name":"wp","href":"https:\/\/api.w.org\/{rel}","templated":true}]}}