{"id":2127,"date":"2015-06-14T19:06:57","date_gmt":"2015-06-14T19:06:57","guid":{"rendered":"http:\/\/mariesamuel.com\/bio"},"modified":"2024-06-07T23:45:43","modified_gmt":"2024-06-07T23:45:43","slug":"bio","status":"publish","type":"page","link":"http:\/\/mariesamuel.com\/en\/bio","title":{"rendered":"Bio"},"content":{"rendered":"\n<p style=\"font-size:15px\">Marie Samuel Levasseur pursues a multidisciplinary artistic practice that combines art and life, and develops a collaborative approach to creation through <a href=\"http:\/\/mariesamuel.com\/bavardage\" data-type=\"page\" data-id=\"957\">small talk<\/a>. She uses multiplicity and <a href=\"http:\/\/mariesamuel.com\/micro-recits\" data-type=\"page\" data-id=\"946\">micro-narrative<\/a> to hinder the unspeakable, and to account for the plurality of identities in the expression of self-narratives linked to life&#8217;s defining experiences. <\/p>\n\n\n\n<p style=\"font-size:15px\">For 10 years, she held various positions at the Mus\u00e9e d&#8217;art contemporain de Montr\u00e9al, then worked as curator and editor at the Centre for Arts and Social Innovation of the National Theatre School of Canada, where she participated in the development of laboratories and knowledge-sharing platforms aimed at well-being through creation. She is now a member of the duo Place Courage, alongside her practice. Place Courage works at the intersection of art, truth and justice.<\/p>\n\n\n\n<p style=\"font-size:15px\">A graduate of the Universit\u00e9 du Qu\u00e9bec \u00e0 Montr\u00e9al with a master&#8217;s degree in visual and media arts, she co-directs creative workshops in micro-publishing and zines. She completed a creative internship at the \u00c9cole europ\u00e9enne sup\u00e9rieure de l&#8217;image de Poitiers Angoul\u00eame (France); a creative seminar in film studies at the Universit\u00e9 de Montr\u00e9al; post-graduate studies in pedagogy, focusing on accessibility and ableism; and is currently pursuing a degree in Indigenous Studies. <\/p>\n\n\n\n<p style=\"font-size:15px\">She lives and work in Tio&#8217;tia:ke &#8211; Mooniyang &#8211; Montreal<\/p>\n\n\n\n<iframe loading=\"lazy\" src=\"https:\/\/www.youtube.com\/embed\/qKChWhuFX4o?start=5\" allow=\"accelerometer; autoplay; clipboard-write; encrypted-media; gyroscope; picture-in-picture\" allowfullscreen=\"\" width=\"560\" height=\"315\" frameborder=\"0\"><\/iframe>\n\n\n\n<p class=\"has-text-align-left\">&nbsp;<\/p>\n","protected":false},"excerpt":{"rendered":"<p>Marie Samuel Levasseur pursues a multidisciplinary artistic practice that combines art and life, and develops a collaborative approach to creation through small talk. She uses multiplicity and micro-narrative to hinder the unspeakable, and to account for the plurality of identities in the expression of self-narratives linked to life&#8217;s defining experiences. For 10 years, she held [&hellip;]<\/p>\n","protected":false},"author":1,"featured_media":0,"parent":0,"menu_order":98,"comment_status":"closed","ping_status":"open","template":"","meta":{"footnotes":""},"_links":{"self":[{"href":"http:\/\/mariesamuel.com\/en\/wp-json\/wp\/v2\/pages\/2127"}],"collection":[{"href":"http:\/\/mariesamuel.com\/en\/wp-json\/wp\/v2\/pages"}],"about":[{"href":"http:\/\/mariesamuel.com\/en\/wp-json\/wp\/v2\/types\/page"}],"author":[{"embeddable":true,"href":"http:\/\/mariesamuel.com\/en\/wp-json\/wp\/v2\/users\/1"}],"replies":[{"embeddable":true,"href":"http:\/\/mariesamuel.com\/en\/wp-json\/wp\/v2\/comments?post=2127"}],"version-history":[{"count":4,"href":"http:\/\/mariesamuel.com\/en\/wp-json\/wp\/v2\/pages\/2127\/revisions"}],"predecessor-version":[{"id":2596,"href":"http:\/\/mariesamuel.com\/en\/wp-json\/wp\/v2\/pages\/2127\/revisions\/2596"}],"wp:attachment":[{"href":"http:\/\/mariesamuel.com\/en\/wp-json\/wp\/v2\/media?parent=2127"}],"curies":[{"name":"wp","href":"https:\/\/api.w.org\/{rel}","templated":true}]}}